{"id":4634,"date":"2023-09-19T10:08:49","date_gmt":"2023-09-19T08:08:49","guid":{"rendered":"https:\/\/www.oepia.ro\/carriera\/agent-vanzari-internationale-transport-aerian-si-maritim\/"},"modified":"2024-07-03T13:44:09","modified_gmt":"2024-07-03T11:44:09","slug":"agente-di-vendita-internazionale","status":"publish","type":"page","link":"https:\/\/www.oepia.ro\/it\/carriera\/agente-di-vendita-internazionale\/","title":{"rendered":"Agente di vendita internazionale \u2013 Trasporti aerei e marittimi"},"content":{"rendered":"<p>[vc_row bg_scroll=&#8221;h,-1&#8243; css=&#8221;.vc_custom_1663530766358{margin-top: 0px !important;margin-bottom: 0px !important;padding-top: 100px !important;padding-bottom: 100px !important;background-image: url(https:\/\/www.oepia.ro\/wp-content\/uploads\/2014\/10\/corporat_collage.jpg?id=94) !important;}&#8221; font_color=&#8221;#ffffff&#8221;][vc_column]<div class=\"ozy-floating-box\" style=\"height:300px;text-align:center\"><div>[vc_column_text css=&#8221;.vc_custom_1720006410312{padding-right: 18% !important;padding-left: 18% !important;}&#8221;]<\/p>\n<h1 style=\"text-align: center;\">CARRIERA<\/h1>\n<h4 style=\"text-align: center;\"><span style=\"color: #34ccff;\">Lavori nel settore del trasporto merci o dei servizi logistici? In OEPIA troverai un ambiente di lavoro equilibrato e orientato ai risultati. Queste sono le nostre posizioni attive.<\/span><\/h4>\n<p>[\/vc_column_text]<\/div><\/div>[\/vc_column][\/vc_row][vc_row css=&#8221;.vc_custom_1663583466313{margin-top: 30px !important;}&#8221;][vc_column][vc_btn title=&#8221;Torna a tutti gli annunci&#8221; shape=&#8221;round&#8221; color=&#8221;white&#8221; align=&#8221;left&#8221; link=&#8221;url:https%3A%2F%2Fwww.oepia.ro%2Fit%2Fcarriera%2F|title:Carriera&#8221;][\/vc_column][\/vc_row][vc_row css=&#8221;.vc_custom_1663578438463{margin-top: 40px !important;}&#8221;][vc_column css=&#8221;.vc_custom_1663581722156{padding-right: 10% !important;padding-left: 10% !important;}&#8221;][vc_column_text]<\/p>\n<h2 style=\"text-align: center;\">Agente di vendita internazionale \u2013 Trasporti aerei e marittimi<\/h2>\n<p style=\"text-align: justify;\">C\u0103ut\u0103m un Agent de V\u00e2nz\u0103ri Interna\u021bionale pasionat \u0219i motivat, specializat \u00een transportul aerian \u0219i maritim, care s\u0103 se al\u0103ture echipei noastre dinamic\u0103. Ve\u021bi juca un rol esen\u021bial \u00een dezvoltarea afacerii noastre pe pie\u021bele interna\u021bionale, gestion\u00e2nd rela\u021biile cu clien\u021bii \u0219i oferind solu\u021bii de transport adaptate nevoilor lor.<\/p>\n<p style=\"text-align: center;\"><strong>Questa posizione richiede una mentalit\u00e0 orientata all\u2019azione e alle vendite.<\/strong><\/p>\n<p>[\/vc_column_text][\/vc_column][\/vc_row][vc_row css=&#8221;.vc_custom_1663578560475{padding-right: 18% !important;padding-left: 18% !important;}&#8221;][vc_column width=&#8221;1\/4&#8243;][vc_column_text]<\/p>\n<h4 style=\"text-align: right;\">POSIZIONE<\/h4>\n<p>[\/vc_column_text][\/vc_column][vc_column width=&#8221;3\/4&#8243;][vc_column_text]<\/p>\n<p style=\"text-align: left;\">Bucarest, Zona aeronautica, Settore 1<\/p>\n<p>[\/vc_column_text][\/vc_column][\/vc_row][vc_row css=&#8221;.vc_custom_1663578560475{padding-right: 18% !important;padding-left: 18% !important;}&#8221;][vc_column width=&#8221;1\/4&#8243;][vc_column_text]<\/p>\n<h4 style=\"text-align: right;\">BENEFICII<\/h4>\n<p>[\/vc_column_text][\/vc_column][vc_column width=&#8221;3\/4&#8243;][vc_column_text]Offriamo un&#8217;atmosfera lavorativa positiva, opportunit\u00e0 di sviluppo professionale e personale e un ambiente di lavoro moderno.<\/p>\n<p>Nel nostro team potrai goderti:<\/p>\n<ul>\n<li>Un\u2019esperienza impegnativa e pratica<\/li>\n<li>Salario competitivo<\/li>\n<li>Bonus di rendimento<\/li>\n<li>Assicurazione sanitaria<\/li>\n<li>Auto<\/li>\n<li>Fattura del carburante<\/li>\n<li>Premi per le vacanze<\/li>\n<li>Formazioni specializzate<\/li>\n<li>Teambuilding ed eventi aziendali<\/li>\n<li>Attrezzature da lavoro ad alte prestazioni<\/li>\n<\/ul>\n<p>[\/vc_column_text][\/vc_column][\/vc_row][vc_row css=&#8221;.vc_custom_1663578560475{padding-right: 18% !important;padding-left: 18% !important;}&#8221;][vc_column width=&#8221;1\/4&#8243;][vc_column_text]<\/p>\n<h4 style=\"text-align: right;\">RESPONSABILITA<\/h4>\n<p>[\/vc_column_text][\/vc_column][vc_column width=&#8221;3\/4&#8243;][vc_column_text]<\/p>\n<ul>\n<li style=\"text-align: justify;\">Sviluppare e mantenere rapporti con clienti esistenti e nuovi nel campo del trasporto aereo e marittimo.<\/li>\n<li style=\"text-align: justify;\">Individuare opportunit\u00e0 di business e promuovere i nostri servizi sui mercati internazionali.<\/li>\n<li style=\"text-align: justify;\">Consulenza ai clienti nella scelta delle migliori soluzioni di trasporto in base alle loro specifiche esigenze.<\/li>\n<li style=\"text-align: justify;\">Stretta collaborazione con il team interno per garantire un\u2019efficiente esecuzione dei servizi forniti.<\/li>\n<li style=\"text-align: justify;\">Monitorare le tendenze del settore e segnalarle al team di gestione.<\/li>\n<\/ul>\n<p>[\/vc_column_text][\/vc_column][\/vc_row][vc_row css=&#8221;.vc_custom_1663578560475{padding-right: 18% !important;padding-left: 18% !important;}&#8221;][vc_column width=&#8221;1\/4&#8243;][vc_column_text]<\/p>\n<h4 style=\"text-align: right;\">COMPETENZE<\/h4>\n<p>[\/vc_column_text][\/vc_column][vc_column width=&#8221;3\/4&#8243;][vc_column_text]<\/p>\n<ul>\n<li style=\"text-align: justify;\">Comprovata esperienza di vendita internazionale con particolare attenzione alle spedizioni aeree e marittime.<\/li>\n<li style=\"text-align: justify;\">Solida conoscenza del settore delle spedizioni e della logistica internazionale.<\/li>\n<li style=\"text-align: justify;\">Eccellenti capacit\u00e0 di comunicazione e negoziazione.<\/li>\n<li style=\"text-align: justify;\">Capacit\u00e0 di lavorare in modo indipendente e gestire i clienti in modo efficace.<\/li>\n<li style=\"text-align: justify;\">Inglese livello avanzato.<\/li>\n<li style=\"text-align: justify;\">Patente di guida categoria B.<\/li>\n<\/ul>\n<p>[\/vc_column_text][\/vc_column][\/vc_row][vc_row css=&#8221;.vc_custom_1663578438463{margin-top: 40px !important;}&#8221;][vc_column css=&#8221;.vc_custom_1663579429943{padding-right: 15% !important;padding-left: 15% !important;}&#8221;][vc_column_text]<\/p>\n<p style=\"text-align: center;\">Se sei una persona dedicata, appassionata del settore dei trasporti internazionali e sei pronto a entrare a far parte di un team di successo, ti invitiamo a candidarti all&#8217;indirizzo email office@oepia.ro con il tuo CV. Menzione nell&#8217;oggetto dell&#8217;e-mail &#8220;Richiesta &#8211; Agente di vendita internazionale &#8211; AIR &amp; SEA&#8221; o<\/p>\n<p>[\/vc_column_text][\/vc_column][\/vc_row][vc_row css=&#8221;.vc_custom_1663578438463{margin-top: 40px !important;}&#8221;][vc_column css=&#8221;.vc_custom_1663579429943{padding-right: 15% !important;padding-left: 15% !important;}&#8221;][vc_column_text]<\/p>\n<h4 style=\"text-align: center;\">Candidati per questa posizione utilizzando il modulo sottostante<\/h4>\n<p>[\/vc_column_text][\/vc_column][\/vc_row][vc_row][vc_column][vc_column_text]\n<div class=\"wpcf7 no-js\" id=\"wpcf7-f2618-o1\" lang=\"en-US\" dir=\"ltr\" data-wpcf7-id=\"2618\">\n<div class=\"screen-reader-response\"><p role=\"status\" aria-live=\"polite\" aria-atomic=\"true\"><\/p> <ul><\/ul><\/div>\n<form action=\"\/it\/wp-json\/wp\/v2\/pages\/4634#wpcf7-f2618-o1\" method=\"post\" class=\"wpcf7-form init\" aria-label=\"Contact form\" enctype=\"multipart\/form-data\" novalidate=\"novalidate\" data-status=\"init\">\n<fieldset class=\"hidden-fields-container\"><input type=\"hidden\" name=\"_wpcf7\" value=\"2618\" \/><input type=\"hidden\" name=\"_wpcf7_version\" value=\"6.1.6\" \/><input type=\"hidden\" name=\"_wpcf7_locale\" value=\"en_US\" \/><input type=\"hidden\" name=\"_wpcf7_unit_tag\" value=\"wpcf7-f2618-o1\" \/><input type=\"hidden\" name=\"_wpcf7_container_post\" value=\"0\" \/><input type=\"hidden\" name=\"_wpcf7_posted_data_hash\" value=\"\" \/><input type=\"hidden\" name=\"_wpcf7_recaptcha_response\" value=\"\" \/>\n<\/fieldset>\n<p class=\"ozy-half-input\"><span class=\"wpcf7-form-control-wrap\" data-name=\"menu-610\"><select class=\"wpcf7-form-control wpcf7-select\" aria-invalid=\"false\" name=\"menu-610\"><option value=\"Dnl.\">Dnl.<\/option><option value=\"Dna.\">Dna.<\/option><\/select><\/span>\n<\/p>\n<p class=\"ozy-half-input\"><span class=\"wpcf7-form-control-wrap\" data-name=\"your-name\"><input size=\"40\" maxlength=\"400\" class=\"wpcf7-form-control wpcf7-text wpcf7-validates-as-required\" aria-required=\"true\" aria-invalid=\"false\" placeholder=\"Nume (obligatoriu)\" value=\"\" type=\"text\" name=\"your-name\" \/><\/span>\n<\/p>\n<p class=\"ozy-half-input-last\"><span class=\"wpcf7-form-control-wrap\" data-name=\"your-phone\"><input size=\"40\" maxlength=\"400\" class=\"wpcf7-form-control wpcf7-text wpcf7-validates-as-required\" aria-required=\"true\" aria-invalid=\"false\" placeholder=\"Telefon (obligatoriu)\" value=\"\" type=\"text\" name=\"your-phone\" \/><\/span>\n<\/p>\n<p class=\"ozy-half-input\"><span class=\"wpcf7-form-control-wrap\" data-name=\"your-city\"><input size=\"40\" maxlength=\"400\" class=\"wpcf7-form-control wpcf7-text wpcf7-validates-as-required\" aria-required=\"true\" aria-invalid=\"false\" placeholder=\"Ora\u0219 (obligatoriu)\" value=\"\" type=\"text\" name=\"your-city\" \/><\/span>\n<\/p>\n<p class=\"ozy-half-input-last\"><span class=\"wpcf7-form-control-wrap\" data-name=\"your-email\"><input size=\"40\" maxlength=\"400\" class=\"wpcf7-form-control wpcf7-email wpcf7-validates-as-required wpcf7-text wpcf7-validates-as-email\" aria-required=\"true\" aria-invalid=\"false\" placeholder=\"Email (obligatoriu)\" value=\"\" type=\"email\" name=\"your-email\" \/><\/span>\n<\/p>\n<p><span class=\"wpcf7-form-control-wrap\" data-name=\"your-message\"><textarea cols=\"40\" rows=\"3\" maxlength=\"2000\" class=\"wpcf7-form-control wpcf7-textarea\" aria-invalid=\"false\" placeholder=\"Mesajul t\u0103u\" name=\"your-message\"><\/textarea><\/span>\n<\/p>\n<p>Ata\u0219eaz\u0103 CV-ul t\u0103u <span class=\"wpcf7-form-control-wrap\" data-name=\"file-913\"><input size=\"40\" class=\"wpcf7-form-control wpcf7-file wpcf7-validates-as-required\" accept=\".pdf,.doc\" aria-required=\"true\" aria-invalid=\"false\" type=\"file\" name=\"file-913\" \/><\/span>\n<\/p>\n<p><input class=\"wpcf7-form-control wpcf7-submit has-spinner\" type=\"submit\" value=\"Trimite formularul\" \/>\n<\/p><p style=\"display: none !important;\" class=\"akismet-fields-container\" data-prefix=\"_wpcf7_ak_\"><label>&#916;<textarea name=\"_wpcf7_ak_hp_textarea\" cols=\"45\" rows=\"8\" maxlength=\"100\"><\/textarea><\/label><input type=\"hidden\" id=\"ak_js_1\" name=\"_wpcf7_ak_js\" value=\"207\"\/><script type=\"text\/javascript\">\n\/* <![CDATA[ *\/\ndocument.getElementById( \"ak_js_1\" ).setAttribute( \"value\", ( new Date() ).getTime() );\n\/* ]]> *\/\n<\/script>\n<\/p><div class=\"wpcf7-response-output\" aria-hidden=\"true\"><\/div>\n<\/form>\n<\/div>\n[\/vc_column_text][\/vc_column][\/vc_row]<\/p>\n","protected":false},"excerpt":{"rendered":"<p>[vc_row bg_scroll=&#8221;h,-1&#8243; css=&#8221;.vc_custom_1663530766358{margin-top: 0px !important;margin-bottom: 0px !important;padding-top: 100px !important;padding-bottom: 100px !important;background-image: url(https:\/\/www.oepia.ro\/wp-content\/uploads\/2014\/10\/corporat_collage.jpg?id=94) !important;}&#8221; font_color=&#8221;#ffffff&#8221;][vc_column][\/vc_column][\/vc_row][vc_row css=&#8221;.vc_custom_1663583466313{margin-top: 30px !important;}&#8221;][vc_column][vc_btn title=&#8221;Torna a tutti gli annunci&#8221; shape=&#8221;round&#8221; color=&#8221;white&#8221; align=&#8221;left&#8221; link=&#8221;url:https%3A%2F%2Fwww.oepia.ro%2Fit%2Fcarriera%2F|title:Carriera&#8221;][\/vc_column][\/vc_row][vc_row css=&#8221;.vc_custom_1663578438463{margin-top: 40px !important;}&#8221;][vc_column css=&#8221;.vc_custom_1663581722156{padding-right: [&hellip;]<\/p>\n","protected":false},"author":5,"featured_media":0,"parent":4313,"menu_order":0,"comment_status":"closed","ping_status":"closed","template":"","meta":{"_uf_show_specific_survey":0,"_uf_disable_surveys":false,"footnotes":""},"class_list":["post-4634","page","type-page","status-publish","hentry"],"_links":{"self":[{"href":"https:\/\/www.oepia.ro\/it\/wp-json\/wp\/v2\/pages\/4634","targetHints":{"allow":["GET"]}}],"collection":[{"href":"https:\/\/www.oepia.ro\/it\/wp-json\/wp\/v2\/pages"}],"about":[{"href":"https:\/\/www.oepia.ro\/it\/wp-json\/wp\/v2\/types\/page"}],"author":[{"embeddable":true,"href":"https:\/\/www.oepia.ro\/it\/wp-json\/wp\/v2\/users\/5"}],"replies":[{"embeddable":true,"href":"https:\/\/www.oepia.ro\/it\/wp-json\/wp\/v2\/comments?post=4634"}],"version-history":[{"count":3,"href":"https:\/\/www.oepia.ro\/it\/wp-json\/wp\/v2\/pages\/4634\/revisions"}],"predecessor-version":[{"id":4637,"href":"https:\/\/www.oepia.ro\/it\/wp-json\/wp\/v2\/pages\/4634\/revisions\/4637"}],"up":[{"embeddable":true,"href":"https:\/\/www.oepia.ro\/it\/wp-json\/wp\/v2\/pages\/4313"}],"wp:attachment":[{"href":"https:\/\/www.oepia.ro\/it\/wp-json\/wp\/v2\/media?parent=4634"}],"curies":[{"name":"wp","href":"https:\/\/api.w.org\/{rel}","templated":true}]}}