{"id":4528,"date":"2022-09-18T15:45:07","date_gmt":"2022-09-18T13:45:07","guid":{"rendered":"https:\/\/www.oepia.ro\/servizi\/transport-rutier-international\/"},"modified":"2024-06-26T10:17:11","modified_gmt":"2024-06-26T08:17:11","slug":"trasporti-stradali-internazionali","status":"publish","type":"page","link":"https:\/\/www.oepia.ro\/it\/servizi\/trasporti-stradali-internazionali\/","title":{"rendered":"Trasporti stradali internazionali"},"content":{"rendered":"<p>[vc_row bg_parallax=&#8221;off&#8221; bg_scroll=&#8221;h,-1&#8243; css=&#8221;.vc_custom_1663503164059{margin-top: 0px !important;margin-bottom: 0px !important;padding-top: 190px !important;padding-bottom: 190px !important;background-image: url(https:\/\/www.oepia.ro\/wp-content\/uploads\/2014\/10\/logistic_bg.jpg?id=239) !important;}&#8221; font_color=&#8221;#ffffff&#8221;][vc_column][vc_custom_heading text=&#8221;Trasporti stradali internazionali&#8221; font_container=&#8221;tag:h2|font_size:60|text_align:center|color:%23ffffff&#8221; google_fonts=&#8221;font_family:Raleway%3A100%2C200%2C300%2Cregular%2C500%2C600%2C700%2C800%2C900|font_style:400%20regular%3A400%3Anormal&#8221;]<fieldset class=\"ozy-content-divider  wpb_content_element\" style=\"border-top-style:solid;border-top-width:2px;border-top-color:#34ccff;width:400px;max-width:400px;margin:20px auto;\"><legend class=\"dcenter\" align=\"center\">Soluzioni logistiche personalizzate<\/legend><\/fieldset>[\/vc_column][\/vc_row][vc_row css=&#8221;.vc_custom_1663528313644{margin-top: 70px !important;}&#8221;][vc_column css=&#8221;.vc_custom_1706028169161{padding-right: 5% !important;padding-left: 5% !important;}&#8221;][vc_column_text]<\/p>\n<p style=\"text-align: justify;\">Il nostro servizio di trasporto internazionale su strada \u00e8 la soluzione ideale per importare ed esportare merci dalla Romania verso varie destinazioni europee. Con una flotta moderna e un impegno per la sicurezza e la velocit\u00e0 delle consegne, siamo il partner affidabile per i vostri trasporti sulle strade d\u2019Europa.<\/p>\n<p style=\"text-align: justify;\">I cambiamenti imprevedibili del mercato non ti influenzeranno perch\u00e9 la nostra flotta garantisce coerenza nella qualit\u00e0 del servizio e assicura la necessaria capacit\u00e0 di trasporto, anche in condizioni di mercato restrittive.<\/p>\n<p style=\"text-align: justify;\">Utilizzando sia i camion della nostra flotta che quelli dei nostri partner di lunga data, rigorosamente controllati, possiamo garantire il trasporto su qualsiasi percorso sul territorio della Romania. Indipendentemente dal periodo dell\u2019anno, dalla zona di destinazione o dalle condizioni meteorologiche, la merce dei nostri clienti \u00e8 sempre arrivata a destinazione in tempo.<\/p>\n<p>&nbsp;<\/p>\n<h4 style=\"text-align: justify;\"><strong>Servizi offerti:<\/strong><\/h4>\n<ul style=\"text-align: justify;\">\n<li>Trasporto stradale internazionale FTL (carico completo)<\/li>\n<li>Trasporti stradali internazionali PTL (Partial Truckload) o groupage<\/li>\n<li>Trasporto stradale su qualsiasi percorso sul territorio della Romania<\/li>\n<li>Ti offriamo: furgoni refrigerati (a temperatura controllata), isotermici, telonati o furgoni sovradimensionati.<\/li>\n<li>Per le merci generali, che non richiedono condizioni particolari, forniamo semirimorchi scoperti: carico laterale leggero, posteriore o verticale; tetto regolabile in altezza e fissaggio del carico con barre di alluminio, separatori, cinghie di ancoraggio o teloni rinforzati<\/li>\n<li>Gestiamo molteplici categorie di merci: frutta e verdura, prodotti alimentari freschi, semicongelati, surgelati, medicinali e componenti farmaceutici, prodotti per la casa, cosmetici, elettrodomestici ed elettronici, abbigliamento e calzature, beni costosi, macchinari e attrezzature generali o medicali.<\/li>\n<li>Consegne in paesi come Olanda, Belgio, Regno Unito, Germania, Francia, Austria, Spagna, Bulgaria, Grecia, Polonia, Repubblica Ceca, Ungheria e molti altri.<\/li>\n<\/ul>\n<p>&nbsp;<\/p>\n<h4 style=\"text-align: justify;\"><strong>Vantaggi per il cliente:<\/strong><\/h4>\n<ul>\n<li>Flotta moderna con camion EURO 6<\/li>\n<li>Equipaggi composti da 2 autisti per consegne rapide<\/li>\n<li>Semirimorchi di tipo Bitemp, con parete divisoria che garantisce la possibilit\u00e0 di trasportare merci a due diverse temperature<\/li>\n<li>Servizi di qualit\u00e0 ed efficienza costi-prestazioni<\/li>\n<li>Richieste di trasporto assicurato in qualsiasi condizione di mercato e in qualsiasi periodo dell\u2019anno<\/li>\n<li>La nostra esperienza di oltre 10 anni nel lavorare con Key Account e le principali piattaforme logistiche in Romania: Profi Rom Food, Rewe Romania, Auchan Romania, Romania Hypermarche, Delhaize Group, Carrefour Romania, Kaufland Romania, Lidl Discount, La Lorraine Romania\/ Macromex<\/li>\n<\/ul>\n<p>&nbsp;<\/p>\n<p>Su richiesta possiamo organizzare raggruppamenti di merci per l\u2019importazione e l\u2019esportazione di frutta e verdura, con carico e consegna in paesi come Paesi Bassi, Belgio, Gran Bretagna, Germania, Francia, Austria, Spagna, Polonia, Repubblica Ceca e Romania. In stretta collaborazione con i partner, siamo in grado di mantenere una politica dei prezzi flessibile e trasparente e un servizio di alta qualit\u00e0. La quantit\u00e0 minima di merce \u00e8 di 3 pallet.<\/p>\n<p style=\"text-align: justify;\">Abbiamo maturato esperienza al servizio dei clienti del settore alimentare, settore del fresco, garantendo il trasporto di merci deperibili: verdura, frutta e alimenti dai loro magazzini logistici in Europa alle piattaforme della grande distribuzione.<\/p>\n<p style=\"text-align: justify;\">Continuiamo a supportare i nostri clienti nello sviluppo del loro business<\/p>\n<p>[\/vc_column_text][vc_column_text]<\/p>\n<p>I am text block. Click edit button to change this text. Lorem ipsum dolor sit amet, consectetur adipiscing elit. Ut elit tellus, luctus nec ullamcorper mattis, pulvinar dapibus leo.<\/p>\n<p>[\/vc_column_text][\/vc_column][\/vc_row][vc_row disable_element=&#8221;yes&#8221;][vc_column]<h3 class=\"ozy-divider-cap-center wpb_content_element\">SERVICII LOGISTICE \u0218I TRANSPORT MARF\u0102<\/h3><div class=\"ozy-content-divider \" style=\"border-top-style:solid;border-top-width:2px;border-top-color:#34ccff;width:40px;max-width:40px;margin:20px auto;\"><\/div>[\/vc_column][\/vc_row][vc_row disable_element=&#8221;yes&#8221; css=&#8221;.vc_custom_1706028229899{margin-bottom: 40px !important;}&#8221;][vc_column width=&#8221;1\/4&#8243;]<a href=\"https:\/\/www.oepia.ro\/servicii-transport-logistice\/transport-aerian\/\" id=\"osrvb-31864\" class=\"ozy-service-box shared-border-color\"  target=\"\"><i class=\"oic f oic-flaticon1-airplane68\"><\/i><span class=\"content-color\">Transport aerian <br\/><br\/><\/span><i class=\"oic s oic-up-open-mini content-color\"><\/i><\/a>[vc_empty_space height=&#8221;30px&#8221;]<a href=\"https:\/\/www.oepia.ro\/servicii-transport-logistice\/transport-feroviar\/\" id=\"osrvb-69308\" class=\"ozy-service-box shared-border-color\"  target=\"\"><i class=\"oic f oic-flaticon1-train20\"><\/i><span class=\"content-color\">Transport feroviar <br\/><br\/><\/span><i class=\"oic s oic-up-open-mini content-color\"><\/i><\/a>[\/vc_column][vc_column width=&#8221;1\/4&#8243;]<a href=\"https:\/\/www.oepia.ro\/servicii-transport-logistice\/transport-maritim\/\" id=\"osrvb-71472\" class=\"ozy-service-box shared-border-color\"  target=\"\"><i class=\"oic f oic-flaticon1-boat17\"><\/i><span class=\"content-color\">Transport maritim <br\/><br\/><\/span><i class=\"oic s oic-up-open-mini content-color\"><\/i><\/a>[vc_empty_space height=&#8221;23px&#8221;]<a href=\"https:\/\/www.oepia.ro\/servicii-transport-logistice\/transport-farma-medicamente\/\" id=\"osrvb-80925\" class=\"ozy-service-box shared-border-color\"  target=\"\"><i class=\"oic f oic-first-aid\"><\/i><span class=\"content-color\">Transport farma <br\/> medicamente<\/span><i class=\"oic s oic-up-open-mini content-color\"><\/i><\/a>[\/vc_column][vc_column width=&#8221;1\/4&#8243;]<a href=\"https:\/\/www.oepia.ro\/servicii-transport-logistice\/transport-agabaritic\/\" id=\"osrvb-1237\" class=\"ozy-service-box shared-border-color\"  target=\"\"><i class=\"oic f oic-flaticon1-container6\"><\/i><span class=\"content-color\">Transport agabaritic <br\/><br\/><\/span><i class=\"oic s oic-up-open-mini content-color\"><\/i><\/a>[vc_empty_space height=&#8221;30px&#8221;]<a href=\"https:\/\/www.oepia.ro\/servicii-transport-logistice\/transport-temperatura-controlata\/\" id=\"osrvb-64203\" class=\"ozy-service-box shared-border-color\"  target=\"\"><i class=\"oic f oic-thermometer\"><\/i><span class=\"content-color\">Transport temperatur\u0103 controlat\u0103<\/span><i class=\"oic s oic-up-open-mini content-color\"><\/i><\/a>[\/vc_column][vc_column width=&#8221;1\/4&#8243;]<a href=\"https:\/\/www.oepia.ro\/servicii-transport-logistice\/transport-rutier-international\/\" id=\"osrvb-5890\" class=\"ozy-service-box shared-border-color\"  target=\"\"><i class=\"oic f oic-flaticon1-delivery18\"><\/i><span class=\"content-color\">Transport rutier <br\/> interna\u021bional<\/span><i class=\"oic s oic-up-open-mini content-color\"><\/i><\/a>[vc_empty_space height=&#8221;23px&#8221;]<a href=\"https:\/\/www.oepia.ro\/servicii-transport-logistice\/transport-in-regim-de-grupaj\/\" id=\"osrvb-23585\" class=\"ozy-service-box shared-border-color\"  target=\"\"><i class=\"oic f oic-flaticon1-package7\"><\/i><span class=\"content-color\">Transport \u00een regim <br\/> de grupaj<\/span><i class=\"oic s oic-up-open-mini content-color\"><\/i><\/a>[\/vc_column][\/vc_row][vc_row bg_parallax=&#8221;on&#8221; css=&#8221;.vc_custom_1663601884128{margin-top: 0px !important;margin-bottom: 0px !important;padding-top: 200px !important;padding-bottom: 200px !important;background-image: url(https:\/\/www.oepia.ro\/wp-content\/uploads\/2022\/09\/oepia-servicii-request-a-rate-1920-960.jpg?id=2707) !important;}&#8221; font_color=&#8221;#ffffff&#8221;][vc_column width=&#8221;1\/2&#8243; css=&#8221;.vc_custom_1663508257455{border-top-width: 1px !important;border-right-width: 1px !important;border-bottom-width: 1px !important;border-left-width: 1px !important;padding-top: 30px !important;border-left-color: #ffffff !important;border-left-style: solid !important;border-right-color: #ffffff !important;border-right-style: solid !important;border-top-color: #ffffff !important;border-top-style: solid !important;border-bottom-color: #ffffff !important;border-bottom-style: solid !important;}&#8221;][vc_custom_heading text=&#8221;Accelera lo sviluppo del tuo business&#8221; font_container=&#8221;tag:h3|text_align:center&#8221; use_theme_fonts=&#8221;yes&#8221;][vc_btn title=&#8221;RICHIEDI UN PREVENTIVE&#8221; shape=&#8221;round&#8221; color=&#8221;white&#8221; align=&#8221;center&#8221; link=&#8221;url:https%3A%2F%2Fwww.oepia.ro%2Fit%2Fchiedi-un-preventivo%2F|title:Cere%20o%20cota%C8%9Bie&#8221;][\/vc_column][vc_column width=&#8221;1\/2&#8243;][\/vc_column][\/vc_row]<\/p>\n","protected":false},"excerpt":{"rendered":"<p>[vc_row bg_parallax=&#8221;off&#8221; bg_scroll=&#8221;h,-1&#8243; css=&#8221;.vc_custom_1663503164059{margin-top: 0px !important;margin-bottom: 0px !important;padding-top: 190px !important;padding-bottom: 190px !important;background-image: url(https:\/\/www.oepia.ro\/wp-content\/uploads\/2014\/10\/logistic_bg.jpg?id=239) !important;}&#8221; font_color=&#8221;#ffffff&#8221;][vc_column][vc_custom_heading text=&#8221;Trasporti stradali internazionali&#8221; font_container=&#8221;tag:h2|font_size:60|text_align:center|color:%23ffffff&#8221; google_fonts=&#8221;font_family:Raleway%3A100%2C200%2C300%2Cregular%2C500%2C600%2C700%2C800%2C900|font_style:400%20regular%3A400%3Anormal&#8221;][\/vc_column][\/vc_row][vc_row css=&#8221;.vc_custom_1663528313644{margin-top: 70px !important;}&#8221;][vc_column css=&#8221;.vc_custom_1706028169161{padding-right: 5% !important;padding-left: 5% !important;}&#8221;][vc_column_text] Il nostro [&hellip;]<\/p>\n","protected":false},"author":4,"featured_media":0,"parent":4273,"menu_order":0,"comment_status":"closed","ping_status":"closed","template":"","meta":{"_uf_show_specific_survey":0,"_uf_disable_surveys":false,"footnotes":""},"class_list":["post-4528","page","type-page","status-publish","hentry"],"_links":{"self":[{"href":"https:\/\/www.oepia.ro\/it\/wp-json\/wp\/v2\/pages\/4528","targetHints":{"allow":["GET"]}}],"collection":[{"href":"https:\/\/www.oepia.ro\/it\/wp-json\/wp\/v2\/pages"}],"about":[{"href":"https:\/\/www.oepia.ro\/it\/wp-json\/wp\/v2\/types\/page"}],"author":[{"embeddable":true,"href":"https:\/\/www.oepia.ro\/it\/wp-json\/wp\/v2\/users\/4"}],"replies":[{"embeddable":true,"href":"https:\/\/www.oepia.ro\/it\/wp-json\/wp\/v2\/comments?post=4528"}],"version-history":[{"count":3,"href":"https:\/\/www.oepia.ro\/it\/wp-json\/wp\/v2\/pages\/4528\/revisions"}],"predecessor-version":[{"id":4531,"href":"https:\/\/www.oepia.ro\/it\/wp-json\/wp\/v2\/pages\/4528\/revisions\/4531"}],"up":[{"embeddable":true,"href":"https:\/\/www.oepia.ro\/it\/wp-json\/wp\/v2\/pages\/4273"}],"wp:attachment":[{"href":"https:\/\/www.oepia.ro\/it\/wp-json\/wp\/v2\/media?parent=4528"}],"curies":[{"name":"wp","href":"https:\/\/api.w.org\/{rel}","templated":true}]}}