{"id":4484,"date":"2020-01-21T15:43:21","date_gmt":"2020-01-21T15:43:21","guid":{"rendered":"https:\/\/www.oepia.ro\/servizi\/transport-aerian\/"},"modified":"2024-06-18T15:45:50","modified_gmt":"2024-06-18T13:45:50","slug":"compagnia-aerea","status":"publish","type":"page","link":"https:\/\/www.oepia.ro\/it\/servizi\/compagnia-aerea\/","title":{"rendered":"Compagnia aerea"},"content":{"rendered":"<p>[vc_row bg_parallax=&#8221;off&#8221; bg_scroll=&#8221;h,-1&#8243; css=&#8221;.vc_custom_1663503164059{margin-top: 0px !important;margin-bottom: 0px !important;padding-top: 190px !important;padding-bottom: 190px !important;background-image: url(https:\/\/www.oepia.ro\/wp-content\/uploads\/2014\/10\/logistic_bg.jpg?id=239) !important;}&#8221; font_color=&#8221;#ffffff&#8221;][vc_column][vc_custom_heading text=&#8221;Compagnia aerea&#8221; font_container=&#8221;tag:h2|font_size:60|text_align:center|color:%23ffffff&#8221; google_fonts=&#8221;font_family:Raleway%3A100%2C200%2C300%2Cregular%2C500%2C600%2C700%2C800%2C900|font_style:400%20regular%3A400%3Anormal&#8221;]<fieldset class=\"ozy-content-divider  wpb_content_element\" style=\"border-top-style:solid;border-top-width:2px;border-top-color:#34ccff;width:400px;max-width:400px;margin:20px auto;\"><legend class=\"dcenter\" align=\"center\">Soluzioni logistiche personalizzate<\/legend><\/fieldset>[\/vc_column][\/vc_row][vc_row css=&#8221;.vc_custom_1663528070311{margin-top: 70px !important;}&#8221;][vc_column css=&#8221;.vc_custom_1706025662212{padding-right: 5% !important;padding-left: 5% !important;}&#8221;][vc_column_text]La nostra offerta di trasporto intermodale \u00e8 una soluzione completa per il trasporto di merci a livello globale. Basandoci su una vasta esperienza e su una vasta rete di partner internazionali specializzati nel trasporto ferroviario, stradale, aereo e marittimo, offriamo diverse opzioni di trasporto intermodale, adatte a qualsiasi esigenza.<br \/>\nLa nostra esperienza si estende dal trasporto standard di merci a progetti logistici complessi che comportano il meticoloso coordinamento di molteplici tipologie di carico e rotte.<\/p>\n<p>Forniamo servizi completi di trasporto aereo a partire dal ritiro della merce direttamente dai fornitori in varie localit\u00e0 come Cina, India, Africa, Asia, Emirati Arabi Uniti, America ed Europa. Forniamo anche servizi estesi per le destinazioni attraverso la nostra rete globale di agenti.[\/vc_column_text][\/vc_column][\/vc_row][vc_row css=&#8221;.vc_custom_1706026257931{margin-top: 70px !important;background-color: #edf4f6 !important;}&#8221;][vc_column css=&#8221;.vc_custom_1706025662212{padding-right: 5% !important;padding-left: 5% !important;}&#8221;]<fieldset class=\"ozy-content-divider  wpb_content_element\" style=\"border-top-style:solid;border-top-width:2px;border-top-color:#34ccff;width:400px;max-width:400px;margin:20px auto;\"><legend class=\"dleft\" align=\"left\">Soluzioni per il trasporto aereo<\/legend><\/fieldset>[vc_column_text]<strong>Trasporto aereo standard<\/strong><br \/>\nQuesto servizio \u00e8 ideale per il commercio internazionale di qualsiasi settore, per le aziende che importano o esportano regolarmente merci generiche, pericolose e di grandi dimensioni e pesanti, con un intervallo di consegna di 6-8 giorni di calendario.<br \/>\nIl servizio aereo standard offre il vantaggio di un prezzo competitivo, per qualsiasi destinazione internazionale, in qualsiasi quantit\u00e0, e comprende sia il ritiro dal luogo indicato dal cliente che la consegna alla porta.<\/p>\n<p><strong>Trasporto aereo espresso<\/strong><br \/>\nQuesto servizio di trasporto aereo prioritario \u00e8 ideale per merci deperibili che richiedono condizioni di temperatura controllata e tempi di transito brevi fino a 5 giorni lavorativi. Il limite di peso \u00e8 di 3.000 kg con possibilit\u00e0 di consolidamento della merce, per qualsiasi destinazione nel mondo e comprende sia il ritiro presso la localit\u00e0 indicata dal cliente che la consegna a domicilio.<\/p>\n<p><strong>Carta aerea<\/strong><br \/>\nAir Charter di OEPIA \u00e8 la soluzione perfetta per esigenze di trasporto specifiche che non possono essere soddisfatte dai voli commerciali standard. Questo servizio offre la massima flessibilit\u00e0 e personalizzazione per spedizioni uniche o complesse.<br \/>\nRaggiungiamo anche luoghi meno accessibili con i voli commerciali. Dalla progettazione all&#8217;esecuzione, curiamo tutti i dettagli.<br \/>\nQuesto servizio \u00e8 ideale per progetti speciali: trasporto di grandi attrezzature, mostre, eventi sportivi, rimpatri, aiuti umanitari e altro.<\/p>\n<p><strong>Corriere a bordo \u2013 OBC<\/strong><br \/>\nIl servizio Courier on Board di OEPIA \u00e8 la forma di trasporto aereo pi\u00f9 personale. Questo servizio prevede che la merce venga accompagnata da un corriere dedicato durante tutto il viaggio, garantendo il massimo livello di sicurezza e attenzione personalizzata.<br \/>\nIdeale per documenti importanti, campioni medici o campioni, industria automobilistica, merci di valore o qualsiasi tipo di carico inferiore a 100 kg che richiede una consegna urgente. Registrato come bagaglio da stiva, il trasporto ha priorit\u00e0 all&#8217;imbarco, necessita della stipula di una polizza assicurativa. Offriamo supporto per questo e per il disbrigo delle formalit\u00e0 doganali. Il tempo di consegna \u00e8 di un massimo di 48 ore.<\/p>\n<p style=\"text-align: justify;\"><strong>Prossimo volo in partenza \u2013 NFO<\/strong><br \/>\nQuesto servizio \u00e8 progettato per fornire il metodo di trasporto aereo pi\u00f9 veloce disponibile, garantendo che le merci raggiungano la loro destinazione nel pi\u00f9 breve tempo possibile. Questa soluzione affronta spedizioni urgenti e critiche di merci fino a 1.000 kg.<br \/>\nDal ritiro espresso alla consegna, gestiamo ogni aspetto della spedizione per ridurre i tempi di transito a un massimo di 3 giorni di calendario.<br \/>\nQuesto servizio \u00e8 ideale per i settori medico, automobilistico, tecnologico e altri settori in cui la velocit\u00e0 \u00e8 fondamentale.<\/p>\n<p>[\/vc_column_text][\/vc_column][\/vc_row][vc_row css=&#8221;.vc_custom_1706026566417{margin-top: 30px !important;}&#8221;][vc_column css=&#8221;.vc_custom_1706025662212{padding-right: 5% !important;padding-left: 5% !important;}&#8221;][vc_column_text]<\/p>\n<p style=\"text-align: justify;\"><strong>Il trasporto aereo \u00e8 vitale per il commercio e le industrie globali:<\/strong><\/p>\n<ul>\n<li style=\"text-align: justify;\">Elettronica: laptop, computer, tablet, telefoni, componenti e dispositivi elettronici;<\/li>\n<li style=\"text-align: justify;\">Prodotti farmaceutici: vaccini, medicinali e altri prodotti sensibili alla temperatura;<\/li>\n<li style=\"text-align: justify;\">Commercio elettronico: beni di consumo, mobili, giocattoli, articoli sportivi, apparecchiature elettroniche<\/li>\n<li style=\"text-align: justify;\">Tessile: indumenti e prodotti tessili, spesso con esigenze di consegna rapida per l&#8217;industria della moda;<\/li>\n<li style=\"text-align: justify;\">Retail e Horeca: alimenti freschi, frutta, verdura, carne, piante, fiori e pesce che richiedono condizioni di temperatura controllata;<\/li>\n<li style=\"text-align: justify;\">Automotive: ricambi auto, componenti, batterie, veicoli e macchinari<\/li>\n<li style=\"text-align: justify;\">Aeronautica: parti di aeromobili di grandi dimensioni come motori o ali<\/li>\n<\/ul>\n<p>&nbsp;<\/p>\n<h3><strong>Vantaggi del trasporto aereo<\/strong><\/h3>\n<ul>\n<li>Velocit\u00e0 ed efficienza: Con il nostro servizio di trasporto aereo assicuriamo il rapido transito delle merci. Abbiamo forti partnership con le principali compagnie aeree per offrire varie opzioni di trasporto.<\/li>\n<li>Copertura globale: possiamo gestire il trasporto di merci da qualsiasi origine a qualsiasi destinazione, garantendo che arrivino in modo sicuro e puntuale.<\/li>\n<li>Flessibilit\u00e0: indipendentemente dalla complessit\u00e0 o specificit\u00e0 delle merci trasportate \u2013 sia che si tratti di merci deperibili, apparecchiature sensibili, merci di alto valore o carichi di dimensioni insolite \u2013 OEPIA dispone delle competenze necessarie per garantire una movimentazione e un trasporto ottimali.<\/li>\n<li>Impegno per la sostenibilit\u00e0: OEPIA si impegna a ridurre l&#8217;impatto ambientale delle nostre attivit\u00e0. Questo impegno si riflette nella scelta dei partner, nell\u2019ottimizzazione dei percorsi e nell\u2019implementazione di pratiche che riducano al minimo le emissioni di carbonio.<\/li>\n<\/ul>\n<p>[\/vc_column_text][vc_column_text]OEPIA non offre solo un servizio di trasporto aereo, ma una soluzione completa, adattabile e reattiva che soddisfa le complesse esigenze dei nostri clienti globali. Ogni spedizione \u00e8 una dimostrazione del nostro impegno per l&#8217;eccellenza, la sicurezza e la soddisfazione del cliente.[\/vc_column_text][\/vc_column][\/vc_row][vc_row bg_parallax=&#8221;on&#8221; css=&#8221;.vc_custom_1663601925653{margin-top: 0px !important;margin-bottom: 0px !important;padding-top: 200px !important;padding-bottom: 200px !important;background-image: url(https:\/\/www.oepia.ro\/wp-content\/uploads\/2022\/09\/oepia-servicii-request-a-rate-1920-960.jpg?id=2707) !important;}&#8221; font_color=&#8221;#ffffff&#8221;][vc_column width=&#8221;1\/2&#8243; css=&#8221;.vc_custom_1663508257455{border-top-width: 1px !important;border-right-width: 1px !important;border-bottom-width: 1px !important;border-left-width: 1px !important;padding-top: 30px !important;border-left-color: #ffffff !important;border-left-style: solid !important;border-right-color: #ffffff !important;border-right-style: solid !important;border-top-color: #ffffff !important;border-top-style: solid !important;border-bottom-color: #ffffff !important;border-bottom-style: solid !important;}&#8221;][vc_custom_heading text=&#8221;Accelera lo sviluppo del tuo business&#8221; font_container=&#8221;tag:h3|text_align:center&#8221; use_theme_fonts=&#8221;yes&#8221;][vc_btn title=&#8221;RICHIEDI UN PREVENTIVO&#8221; shape=&#8221;round&#8221; color=&#8221;white&#8221; align=&#8221;center&#8221; link=&#8221;url:https%3A%2F%2Fwww.oepia.ro%2Fit%2Fchiedi-un-preventivo%2F|title:Cere%20o%20cota%C8%9Bie&#8221;][\/vc_column][vc_column width=&#8221;1\/2&#8243;][\/vc_column][\/vc_row][vc_row disable_element=&#8221;yes&#8221;][vc_column]<h3 class=\"ozy-divider-cap-center wpb_content_element\">SERVICII LOGISTICE \u0218I TRANSPORT MARF\u0102<\/h3><div class=\"ozy-content-divider \" style=\"border-top-style:solid;border-top-width:2px;border-top-color:#34ccff;width:40px;max-width:40px;margin:20px auto;\"><\/div>[\/vc_column][\/vc_row][vc_row disable_element=&#8221;yes&#8221; css=&#8221;.vc_custom_1706025909909{margin-bottom: 40px !important;}&#8221;][vc_column width=&#8221;1\/4&#8243;]<a href=\"#\" id=\"osrvb-52931\" class=\"ozy-service-box shared-border-color\"  target=\"\"><i class=\"oic f oic-flaticon1-airplane68\"><\/i><span class=\"content-color\">Transport aerian<\/span><i class=\"oic s oic-up-open-mini content-color\"><\/i><\/a>[vc_empty_space height=&#8221;30px&#8221;]<a href=\"https:\/\/www.oepia.ro\/servicii-transport-logistice\/transport-feroviar\/\" id=\"osrvb-49830\" class=\"ozy-service-box shared-border-color\"  target=\"\"><i class=\"oic f oic-flaticon1-train20\"><\/i><span class=\"content-color\">Transport feroviar<\/span><i class=\"oic s oic-up-open-mini content-color\"><\/i><\/a>[\/vc_column][vc_column width=&#8221;1\/4&#8243;]<a href=\"https:\/\/www.oepia.ro\/servicii-transport-logistice\/transport-maritim\/\" id=\"osrvb-20110\" class=\"ozy-service-box shared-border-color\"  target=\"\"><i class=\"oic f oic-flaticon1-boat17\"><\/i><span class=\"content-color\">Transport maritim<\/span><i class=\"oic s oic-up-open-mini content-color\"><\/i><\/a>[vc_empty_space height=&#8221;23px&#8221;]<a href=\"https:\/\/www.oepia.ro\/servicii-transport-logistice\/transport-farma-medicamente\/\" id=\"osrvb-97\" class=\"ozy-service-box shared-border-color\"  target=\"\"><i class=\"oic f oic-first-aid\"><\/i><span class=\"content-color\">Servicii farmaceutice <br\/> medicamente<\/span><i class=\"oic s oic-up-open-mini content-color\"><\/i><\/a>[\/vc_column][vc_column width=&#8221;1\/4&#8243;]<a href=\"https:\/\/www.oepia.ro\/servicii-transport-logistice\/transport-agabaritic\/\" id=\"osrvb-95886\" class=\"ozy-service-box shared-border-color\"  target=\"\"><i class=\"oic f oic-flaticon1-container6\"><\/i><span class=\"content-color\">Transport agabaritic<\/span><i class=\"oic s oic-up-open-mini content-color\"><\/i><\/a>[vc_empty_space height=&#8221;30px&#8221;]<a href=\"https:\/\/www.oepia.ro\/servicii-transport-logistice\/transport-temperatura-controlata\/\" id=\"osrvb-10842\" class=\"ozy-service-box shared-border-color\"  target=\"\"><i class=\"oic f oic-thermometer\"><\/i><span class=\"content-color\">Transport temperatura <br\/> controlata<\/span><i class=\"oic s oic-up-open-mini content-color\"><\/i><\/a>[\/vc_column][vc_column width=&#8221;1\/4&#8243;]<a href=\"https:\/\/www.oepia.ro\/servicii-transport-logistice\/transport-rutier-international\/\" id=\"osrvb-40649\" class=\"ozy-service-box shared-border-color\"  target=\"\"><i class=\"oic f oic-flaticon1-delivery18\"><\/i><span class=\"content-color\">Transport rutier <br\/> international<\/span><i class=\"oic s oic-up-open-mini content-color\"><\/i><\/a>[vc_empty_space height=&#8221;23px&#8221;]<a href=\"https:\/\/www.oepia.ro\/servicii-transport-logistice\/servicii-logistice\/\" id=\"osrvb-13187\" class=\"ozy-service-box shared-border-color\"  target=\"\"><i class=\"oic f oic-flaticon1-delivery20\"><\/i><span class=\"content-color\">Servicii logistice<br\/> \u0219i depozitare<\/span><i class=\"oic s oic-up-open-mini content-color\"><\/i><\/a>[\/vc_column][\/vc_row]<\/p>\n","protected":false},"excerpt":{"rendered":"<p>[vc_row bg_parallax=&#8221;off&#8221; bg_scroll=&#8221;h,-1&#8243; css=&#8221;.vc_custom_1663503164059{margin-top: 0px !important;margin-bottom: 0px !important;padding-top: 190px !important;padding-bottom: 190px !important;background-image: url(https:\/\/www.oepia.ro\/wp-content\/uploads\/2014\/10\/logistic_bg.jpg?id=239) !important;}&#8221; font_color=&#8221;#ffffff&#8221;][vc_column][vc_custom_heading text=&#8221;Compagnia aerea&#8221; font_container=&#8221;tag:h2|font_size:60|text_align:center|color:%23ffffff&#8221; google_fonts=&#8221;font_family:Raleway%3A100%2C200%2C300%2Cregular%2C500%2C600%2C700%2C800%2C900|font_style:400%20regular%3A400%3Anormal&#8221;][\/vc_column][\/vc_row][vc_row css=&#8221;.vc_custom_1663528070311{margin-top: 70px !important;}&#8221;][vc_column css=&#8221;.vc_custom_1706025662212{padding-right: 5% !important;padding-left: 5% !important;}&#8221;][vc_column_text]La nostra offerta di [&hellip;]<\/p>\n","protected":false},"author":4,"featured_media":0,"parent":4273,"menu_order":0,"comment_status":"closed","ping_status":"closed","template":"","meta":{"_uf_show_specific_survey":0,"_uf_disable_surveys":false,"footnotes":""},"class_list":["post-4484","page","type-page","status-publish","hentry"],"_links":{"self":[{"href":"https:\/\/www.oepia.ro\/it\/wp-json\/wp\/v2\/pages\/4484","targetHints":{"allow":["GET"]}}],"collection":[{"href":"https:\/\/www.oepia.ro\/it\/wp-json\/wp\/v2\/pages"}],"about":[{"href":"https:\/\/www.oepia.ro\/it\/wp-json\/wp\/v2\/types\/page"}],"author":[{"embeddable":true,"href":"https:\/\/www.oepia.ro\/it\/wp-json\/wp\/v2\/users\/4"}],"replies":[{"embeddable":true,"href":"https:\/\/www.oepia.ro\/it\/wp-json\/wp\/v2\/comments?post=4484"}],"version-history":[{"count":4,"href":"https:\/\/www.oepia.ro\/it\/wp-json\/wp\/v2\/pages\/4484\/revisions"}],"predecessor-version":[{"id":4497,"href":"https:\/\/www.oepia.ro\/it\/wp-json\/wp\/v2\/pages\/4484\/revisions\/4497"}],"up":[{"embeddable":true,"href":"https:\/\/www.oepia.ro\/it\/wp-json\/wp\/v2\/pages\/4273"}],"wp:attachment":[{"href":"https:\/\/www.oepia.ro\/it\/wp-json\/wp\/v2\/media?parent=4484"}],"curies":[{"name":"wp","href":"https:\/\/api.w.org\/{rel}","templated":true}]}}