{"id":4313,"date":"2021-08-02T13:00:48","date_gmt":"2021-08-02T13:00:48","guid":{"rendered":"https:\/\/www.oepia.ro\/cariera\/"},"modified":"2026-03-26T09:16:07","modified_gmt":"2026-03-26T07:16:07","slug":"carriera","status":"publish","type":"page","link":"https:\/\/www.oepia.ro\/it\/carriera\/","title":{"rendered":"Carriera"},"content":{"rendered":"<p>[vc_row bg_scroll=&#8221;h,-1&#8243; css=&#8221;.vc_custom_1663530766358{margin-top: 0px !important;margin-bottom: 0px !important;padding-top: 100px !important;padding-bottom: 100px !important;background-image: url(https:\/\/www.oepia.ro\/wp-content\/uploads\/2014\/10\/corporat_collage.jpg?id=94) !important;}&#8221; font_color=&#8221;#ffffff&#8221;][vc_column]<div class=\"ozy-floating-box\" style=\"height:300px;text-align:center\"><div>[vc_column_text css=&#8221;.vc_custom_1718099612595{padding-right: 18% !important;padding-left: 18% !important;}&#8221;]<\/p>\n<h1 style=\"text-align: center;\">CARRIERA<\/h1>\n<h4 style=\"text-align: center;\"><span style=\"color: #34ccff;\">Lavori nel settore del trasporto merci o dei servizi logistici? In OEPIA troverai un ambiente di lavoro equilibrato e orientato ai risultati. Queste sono le nostre posizioni attive.<\/span><\/h4>\n<p>[\/vc_column_text]<\/div><\/div>[\/vc_column][\/vc_row][vc_row css=&#8221;.vc_custom_1663571698701{margin-top: 40px !important;margin-bottom: 40px !important;}&#8221;][vc_column width=&#8221;1\/2&#8243;][vc_column_text]<\/p>\n<h4>In OEPIA diamo valore all&#8217;impegno, allo spirito di squadra e allo sviluppo personale e professionale. La nostra missione \u00e8 fornire ai nostri colleghi un&#8217;atmosfera dinamica, amichevole ed energica in cui migliorare le loro ampie competenze.<\/h4>\n<p>[\/vc_column_text][vc_separator][vc_column_text]OEPIA \u00e8 un datore di lavoro con pari opportunit\u00e0 di lavoro, indipendentemente da razza, colore, religione, sesso, orientamento sessuale, identit\u00e0 di genere, origine nazionale, et\u00e0, disabilit\u00e0, status o altre caratteristiche protette dalla legge.<\/p>\n<p>Insieme, stiamo costruendo una cultura aziendale che mette le persone al centro di tutto ci\u00f2 che facciamo: un&#8217;azienda per la quale ti piace lavorare e con cui ti piace lavorare.[\/vc_column_text][\/vc_column][vc_column width=&#8221;1\/2&#8243;][vc_single_image image=&#8221;1061&#8243; img_size=&#8221;full&#8221; alignment=&#8221;center&#8221;][\/vc_column][\/vc_row][vc_row][vc_column][vc_separator][\/vc_column][\/vc_row][vc_row][vc_column width=&#8221;1\/4&#8243;][vc_single_image image=&#8221;5030&#8243; img_size=&#8221;150&#215;150&#8243; alignment=&#8221;center&#8221;][\/vc_column][vc_column width=&#8221;3\/4&#8243;][vc_empty_space height=&#8221;40px&#8221;][vc_column_text]<\/p>\n<h4><a href=\"https:\/\/www.oepia.ro\/it\/carriera\/dispatcher-coordinatore-della-flotta-di-camion-a-temperatura-controllata\/\">Dispatcher &#8211; Crevedia<\/a><\/h4>\n<p><strong>Localit\u00e0: <\/strong>Crevedia <strong>Tipologia:<\/strong> A tempo pieno, <strong>Posizioni disponibili: <\/strong> 1[\/vc_column_text][\/vc_column][\/vc_row][vc_row][vc_column width=&#8221;1\/4&#8243;][vc_single_image image=&#8221;4860&#8243; img_size=&#8221;150&#215;150&#8243; alignment=&#8221;center&#8221;][\/vc_column][vc_column width=&#8221;3\/4&#8243;][vc_empty_space height=&#8221;40px&#8221;][vc_column_text]<\/p>\n<h4><a href=\"https:\/\/www.oepia.ro\/it\/carriera\/contabile-crevedia\/\">Contabile &#8211; Crevedia<\/a><\/h4>\n<p><strong>Localit\u00e0: <\/strong>Crevedia <strong>Tipologia:<\/strong> A tempo pieno, <strong>Posizioni disponibili: <\/strong> 1[\/vc_column_text][\/vc_column][\/vc_row][vc_row][vc_column width=&#8221;1\/4&#8243;][vc_single_image image=&#8221;4333&#8243; img_size=&#8221;150&#215;150&#8243; alignment=&#8221;center&#8221;][\/vc_column][vc_column width=&#8221;3\/4&#8243;][vc_empty_space height=&#8221;40px&#8221;][vc_column_text]<\/p>\n<h4><a href=\"https:\/\/www.oepia.ro\/it\/carriera\/agente-di-vendita-internazionale\/\">Agente di vendita internazionale \u2013 Trasporti aerei e marittimi<\/a><\/h4>\n<p><strong>Localit\u00e0: <\/strong>Bucarest, Zona Avia\u021biei Settore 1 <strong>Tipologia:<\/strong> A tempo pieno, <strong>Posizioni disponibili: <\/strong> 1[\/vc_column_text][\/vc_column][\/vc_row][vc_row][vc_column width=&#8221;1\/4&#8243;][vc_single_image image=&#8221;4334&#8243; img_size=&#8221;150&#215;150&#8243; alignment=&#8221;center&#8221;][\/vc_column][vc_column width=&#8221;3\/4&#8243;][vc_empty_space height=&#8221;40px&#8221;][vc_column_text]<\/p>\n<h4><a href=\"https:\/\/www.oepia.ro\/it\/carriera\/spedizioniere-internazionale-spedizioni-aeree-e-marittime\/\">Spedizioniere Internazionale \u2013 Spedizioni Aeree e Marittime<\/a><\/h4>\n<p><strong>Localit\u00e0: <\/strong>Bucarest, Zona Avia\u021biei Settore 1 <strong>Tipologia:<\/strong> A tempo pieno, <strong>Posizioni disponibili: <\/strong> 1[\/vc_column_text][\/vc_column][\/vc_row][vc_row][vc_column width=&#8221;1\/4&#8243;][vc_single_image image=&#8221;4335&#8243; img_size=&#8221;150&#215;150&#8243; alignment=&#8221;center&#8221;][\/vc_column][vc_column width=&#8221;3\/4&#8243;][vc_empty_space height=&#8221;40px&#8221;][vc_column_text]<\/p>\n<h4><a href=\"https:\/\/www.oepia.ro\/it\/carriera\/spedizioniere-internazionale-coordinatore-trasporti-stradali\/\">Spedizioniere Internazionale \u2013 Coordinatore Trasporti Stradali<\/a><\/h4>\n<p><strong>Localit\u00e0: <\/strong>Crevedia<strong>Tipologia:<\/strong> A tempo pieno, <strong>Posizioni disponibili: <\/strong> 1[\/vc_column_text][\/vc_column][\/vc_row][vc_row][vc_column][vc_separator][\/vc_column][\/vc_row]<\/p>\n","protected":false},"excerpt":{"rendered":"<p>[vc_row bg_scroll=&#8221;h,-1&#8243; css=&#8221;.vc_custom_1663530766358{margin-top: 0px !important;margin-bottom: 0px !important;padding-top: 100px !important;padding-bottom: 100px !important;background-image: url(https:\/\/www.oepia.ro\/wp-content\/uploads\/2014\/10\/corporat_collage.jpg?id=94) !important;}&#8221; font_color=&#8221;#ffffff&#8221;][vc_column][\/vc_column][\/vc_row][vc_row css=&#8221;.vc_custom_1663571698701{margin-top: 40px !important;margin-bottom: 40px !important;}&#8221;][vc_column width=&#8221;1\/2&#8243;][vc_column_text] In OEPIA diamo valore all&#8217;impegno, allo spirito di squadra e [&hellip;]<\/p>\n","protected":false},"author":4,"featured_media":0,"parent":0,"menu_order":0,"comment_status":"closed","ping_status":"closed","template":"","meta":{"_uf_show_specific_survey":0,"_uf_disable_surveys":false,"footnotes":""},"class_list":["post-4313","page","type-page","status-publish","hentry"],"_links":{"self":[{"href":"https:\/\/www.oepia.ro\/it\/wp-json\/wp\/v2\/pages\/4313","targetHints":{"allow":["GET"]}}],"collection":[{"href":"https:\/\/www.oepia.ro\/it\/wp-json\/wp\/v2\/pages"}],"about":[{"href":"https:\/\/www.oepia.ro\/it\/wp-json\/wp\/v2\/types\/page"}],"author":[{"embeddable":true,"href":"https:\/\/www.oepia.ro\/it\/wp-json\/wp\/v2\/users\/4"}],"replies":[{"embeddable":true,"href":"https:\/\/www.oepia.ro\/it\/wp-json\/wp\/v2\/comments?post=4313"}],"version-history":[{"count":16,"href":"https:\/\/www.oepia.ro\/it\/wp-json\/wp\/v2\/pages\/4313\/revisions"}],"predecessor-version":[{"id":5042,"href":"https:\/\/www.oepia.ro\/it\/wp-json\/wp\/v2\/pages\/4313\/revisions\/5042"}],"wp:attachment":[{"href":"https:\/\/www.oepia.ro\/it\/wp-json\/wp\/v2\/media?parent=4313"}],"curies":[{"name":"wp","href":"https:\/\/api.w.org\/{rel}","templated":true}]}}